{"id":10,"date":"2023-04-07T08:47:30","date_gmt":"2023-04-07T07:47:30","guid":{"rendered":"https:\/\/demosites.royal-elementor-addons.com\/digitalagency-v3\/?page_id=10"},"modified":"2024-12-06T17:45:41","modified_gmt":"2024-12-06T16:45:41","slug":"kapcsolat","status":"publish","type":"page","link":"https:\/\/medtextsolutions.com\/en\/kapcsolat\/","title":{"rendered":"Contact me"},"content":{"rendered":"<div data-elementor-type=\"wp-page\" data-elementor-id=\"10\" class=\"elementor elementor-10\">\n\t\t\t\t\t\t<section class=\"elementor-section elementor-top-section elementor-element elementor-element-bfd7705 elementor-section-boxed elementor-section-height-default elementor-section-height-default wpr-particle-no wpr-jarallax-no wpr-parallax-no wpr-sticky-section-no wpr-equal-height-no\" data-id=\"bfd7705\" data-element_type=\"section\" data-e-type=\"section\">\n\t\t\t\t\t\t<div class=\"elementor-container elementor-column-gap-extended\">\n\t\t\t\t\t<div class=\"elementor-column elementor-col-50 elementor-top-column elementor-element elementor-element-a23ed5f elementor-invisible\" data-id=\"a23ed5f\" data-element_type=\"column\" data-e-type=\"column\" data-settings=\"{&quot;animation&quot;:&quot;fadeIn&quot;}\">\n\t\t\t<div class=\"elementor-widget-wrap elementor-element-populated\">\n\t\t\t\t\t\t<div class=\"elementor-element elementor-element-f8d6663 elementor-widget elementor-widget-heading\" data-id=\"f8d6663\" data-element_type=\"widget\" data-e-type=\"widget\" data-widget_type=\"heading.default\">\n\t\t\t\t<div class=\"elementor-widget-container\">\n\t\t\t\t\t<h2 class=\"elementor-heading-title elementor-size-default\">Contact me<\/h2>\t\t\t\t<\/div>\n\t\t\t\t<\/div>\n\t\t\t\t<div class=\"elementor-element elementor-element-2f66dac wpr-lottie-svg elementor-widget elementor-widget-wpr-lottie-animations\" data-id=\"2f66dac\" data-element_type=\"widget\" data-e-type=\"widget\" data-settings=\"{&quot;trigger&quot;:&quot;none&quot;}\" data-widget_type=\"wpr-lottie-animations.default\">\n\t\t\t\t<div class=\"elementor-widget-container\">\n\t\t\t\t\t<div class=\"wpr-lottie-animations-wrapper\"><div class=\"wpr-lottie-animations\" data-settings=\"{&quot;loop&quot;:&quot;yes&quot;,&quot;autoplay&quot;:&quot;yes&quot;,&quot;speed&quot;:1,&quot;trigger&quot;:&quot;none&quot;,&quot;reverse&quot;:&quot;&quot;,&quot;scroll_start&quot;:&quot;0&quot;,&quot;scroll_end&quot;:&quot;100&quot;,&quot;lottie_renderer&quot;:&quot;svg&quot;}\" data-json-url=\"https:\/\/lottie.host\/f8a4f400-843d-4cb6-8024-8992690ee881\/Iz8XgFKG14.json\"><\/div><\/div>\t\t\t\t<\/div>\n\t\t\t\t<\/div>\n\t\t\t\t<div class=\"elementor-element elementor-element-cb08af2 elementor-widget elementor-widget-heading\" data-id=\"cb08af2\" data-element_type=\"widget\" data-e-type=\"widget\" data-widget_type=\"heading.default\">\n\t\t\t\t<div class=\"elementor-widget-container\">\n\t\t\t\t\t<h2 class=\"elementor-heading-title elementor-size-default\">Quotes and questions<\/h2>\t\t\t\t<\/div>\n\t\t\t\t<\/div>\n\t\t\t\t<div class=\"elementor-element elementor-element-64ecad3 elementor-widget elementor-widget-text-editor\" data-id=\"64ecad3\" data-element_type=\"widget\" data-e-type=\"widget\" data-widget_type=\"text-editor.default\">\n\t\t\t\t<div class=\"elementor-widget-container\">\n\t\t\t\t\t\t\t\t\t<p>I am looking forward to receiving your inquiries at the following email address. Following our correspondence, I am also open to arranging a telephone conversation for further discussion.<\/p>\t\t\t\t\t\t\t\t<\/div>\n\t\t\t\t<\/div>\n\t\t\t\t<div class=\"elementor-element elementor-element-45eb5cb elementor-icon-list--layout-traditional elementor-list-item-link-full_width elementor-widget elementor-widget-icon-list\" data-id=\"45eb5cb\" data-element_type=\"widget\" data-e-type=\"widget\" data-widget_type=\"icon-list.default\">\n\t\t\t\t<div class=\"elementor-widget-container\">\n\t\t\t\t\t\t\t<ul class=\"elementor-icon-list-items\">\n\t\t\t\t\t\t\t<li class=\"elementor-icon-list-item\">\n\t\t\t\t\t\t\t\t\t\t\t<span class=\"elementor-icon-list-icon\">\n\t\t\t\t\t\t\t<i aria-hidden=\"true\" class=\"fas fa-envelope\"><\/i>\t\t\t\t\t\t<\/span>\n\t\t\t\t\t\t\t\t\t\t<span class=\"elementor-icon-list-text\">medtextsolutions@gmail.com<\/span>\n\t\t\t\t\t\t\t\t\t<\/li>\n\t\t\t\t\t\t\t\t<li class=\"elementor-icon-list-item\">\n\t\t\t\t\t\t\t\t\t\t\t<a href=\"https:\/\/www.linkedin.com\/in\/anna-mayer-7544b6114\/\">\n\n\t\t\t\t\t\t\t\t\t\t\t\t<span class=\"elementor-icon-list-icon\">\n\t\t\t\t\t\t\t<i aria-hidden=\"true\" class=\"fab fa-linkedin\"><\/i>\t\t\t\t\t\t<\/span>\n\t\t\t\t\t\t\t\t\t\t<span class=\"elementor-icon-list-text\">LinkedIn<\/span>\n\t\t\t\t\t\t\t\t\t\t\t<\/a>\n\t\t\t\t\t\t\t\t\t<\/li>\n\t\t\t\t\t\t<\/ul>\n\t\t\t\t\t\t<\/div>\n\t\t\t\t<\/div>\n\t\t\t\t\t<\/div>\n\t\t<\/div>\n\t\t\t\t<div class=\"elementor-column elementor-col-50 elementor-top-column elementor-element elementor-element-1920648\" data-id=\"1920648\" data-element_type=\"column\" data-e-type=\"column\">\n\t\t\t<div class=\"elementor-widget-wrap elementor-element-populated\">\n\t\t\t\t\t\t<div class=\"elementor-element elementor-element-194fcb5 elementor-widget elementor-widget-shortcode\" data-id=\"194fcb5\" data-element_type=\"widget\" data-e-type=\"widget\" data-widget_type=\"shortcode.default\">\n\t\t\t\t<div class=\"elementor-widget-container\">\n\t\t\t\t\t\t\t<div class=\"elementor-shortcode\"><form id=\"forminator-module-2367\" class=\"forminator-custom-form forminator-custom-form-2367\" method=\"post\" data-forminator-render=\"0\" data-uid=\"69e180243065b\" action=\"\"><div role=\"alert\" aria-live=\"polite\" class=\"forminator-response-message forminator-error\" aria-hidden=\"true\"><\/div><input type=\"hidden\" name=\"trp-form-language\" value=\"en\"\/><\/form><\/div>\n\t\t\t\t\t\t<\/div>\n\t\t\t\t<\/div>\n\t\t\t\t\t<\/div>\n\t\t<\/div>\n\t\t\t\t\t<\/div>\n\t\t<\/section>\n\t\t<div class=\"elementor-element elementor-element-7605a99 e-flex e-con-boxed wpr-particle-no wpr-jarallax-no wpr-parallax-no wpr-sticky-section-no wpr-equal-height-no e-con e-parent\" data-id=\"7605a99\" data-element_type=\"container\" data-e-type=\"container\">\n\t\t\t\t\t<div class=\"e-con-inner\">\n\t\t\t\t<div class=\"elementor-element elementor-element-d48637e wpr-stt-btn-align-fixed wpr-stt-btn-align-fixed-right elementor-widget elementor-widget-wpr-back-to-top\" data-id=\"d48637e\" data-element_type=\"widget\" data-e-type=\"widget\" data-widget_type=\"wpr-back-to-top.default\">\n\t\t\t\t<div class=\"elementor-widget-container\">\n\t\t\t\t\t<div class=\"wpr-stt-wrapper\"><div class='wpr-stt-btn' data-settings='{&quot;animation&quot;:&quot;fade&quot;,&quot;animationOffset&quot;:&quot;0&quot;,&quot;animationDuration&quot;:&quot;200&quot;,&quot;fixed&quot;:&quot;fixed&quot;,&quot;scrolAnim&quot;:&quot;800&quot;}'><span class=\"wpr-stt-icon\"><i class=\"fas fa-chevron-up\"><\/i><\/span><\/div><\/div>\t\t\t\t<\/div>\n\t\t\t\t<\/div>\n\t\t\t\t\t<\/div>\n\t\t\t\t<\/div>\n\t\t\t\t<section class=\"elementor-section elementor-top-section elementor-element elementor-element-685f691f2 elementor-section-boxed elementor-section-height-default elementor-section-height-default wpr-particle-no wpr-jarallax-no wpr-parallax-no wpr-sticky-section-no wpr-equal-height-no\" data-id=\"685f691f2\" data-element_type=\"section\" data-e-type=\"section\" data-settings=\"{&quot;background_background&quot;:&quot;classic&quot;}\">\n\t\t\t\t\t\t\t<div class=\"elementor-background-overlay\"><\/div>\n\t\t\t\t\t\t\t<div class=\"elementor-container elementor-column-gap-default\">\n\t\t\t\t\t<div class=\"elementor-column elementor-col-100 elementor-top-column elementor-element elementor-element-5731290\" data-id=\"5731290\" data-element_type=\"column\" data-e-type=\"column\" data-settings=\"{&quot;background_background&quot;:&quot;classic&quot;}\">\n\t\t\t<div class=\"elementor-widget-wrap elementor-element-populated\">\n\t\t\t\t\t<div class=\"elementor-background-overlay\"><\/div>\n\t\t\t\t<div class=\"elementor-element elementor-element-5f53d11 e-flex e-con-boxed wpr-particle-no wpr-jarallax-no wpr-parallax-no wpr-sticky-section-no wpr-equal-height-no e-con e-parent\" data-id=\"5f53d11\" data-element_type=\"container\" data-e-type=\"container\">\n\t\t\t\t\t<div class=\"e-con-inner\">\n\t\t\t\t\t<\/div>\n\t\t\t\t<\/div>\n\t\t\t\t\t<\/div>\n\t\t<\/div>\n\t\t\t\t\t<\/div>\n\t\t<\/section>\n\t\t\t\t<\/div>","protected":false},"excerpt":{"rendered":"<p>Kapcsolat \u00c1raj\u00e1nlat \u00e9s k\u00e9rd\u00e9sek A k\u00f6vetkez\u0151 email c\u00edmen v\u00e1rom az \u00e9rdekl\u0151d\u00e9seket, egy \u00fczenetv\u00e1lt\u00e1s ut\u00e1n telefonos besz\u00e9lget\u00e9sre is van lehet\u0151s\u00e9g. medtextsolutions@gmail.com LinkedIn<\/p>","protected":false},"author":1,"featured_media":0,"parent":0,"menu_order":0,"comment_status":"closed","ping_status":"closed","template":"elementor_canvas","meta":{"footnotes":""},"class_list":["post-10","page","type-page","status-publish","hentry"],"yoast_head":"<!-- This site is optimized with the Yoast SEO plugin v27.4 - https:\/\/yoast.com\/product\/yoast-seo-wordpress\/ -->\n<title>Kapcsolat - MedTextSolutions<\/title>\n<meta name=\"description\" content=\"\u00c1raj\u00e1nlat \u00e9s k\u00e9rd\u00e9sek - A k\u00f6vetkez\u0151 email c\u00edmen v\u00e1rom az \u00e9rdekl\u0151d\u00e9seket:\" \/>\n<meta name=\"robots\" content=\"index, follow, max-snippet:-1, max-image-preview:large, max-video-preview:-1\" \/>\n<link rel=\"canonical\" href=\"https:\/\/medtextsolutions.com\/en\/kapcsolat\/\" \/>\n<meta property=\"og:locale\" content=\"en_GB\" \/>\n<meta property=\"og:type\" content=\"article\" \/>\n<meta property=\"og:title\" content=\"Kapcsolat - MedTextSolutions\" \/>\n<meta property=\"og:description\" content=\"\u00c1raj\u00e1nlat \u00e9s k\u00e9rd\u00e9sek - A k\u00f6vetkez\u0151 email c\u00edmen v\u00e1rom az \u00e9rdekl\u0151d\u00e9seket:\" \/>\n<meta property=\"og:url\" content=\"https:\/\/medtextsolutions.com\/en\/kapcsolat\/\" \/>\n<meta property=\"og:site_name\" content=\"MedTextSolutions\" \/>\n<meta property=\"article:modified_time\" content=\"2024-12-06T16:45:41+00:00\" \/>\n<meta name=\"twitter:card\" content=\"summary_large_image\" \/>\n<meta name=\"twitter:label1\" content=\"Estimated reading time\" \/>\n\t<meta name=\"twitter:data1\" content=\"1 minute\" \/>\n<script type=\"application\/ld+json\" class=\"yoast-schema-graph\">{\"@context\":\"https:\\\/\\\/schema.org\",\"@graph\":[{\"@type\":\"WebPage\",\"@id\":\"https:\\\/\\\/medtextsolutions.com\\\/kapcsolat\\\/\",\"url\":\"https:\\\/\\\/medtextsolutions.com\\\/kapcsolat\\\/\",\"name\":\"Kapcsolat - MedTextSolutions\",\"isPartOf\":{\"@id\":\"https:\\\/\\\/medtextsolutions.com\\\/#website\"},\"datePublished\":\"2023-04-07T07:47:30+00:00\",\"dateModified\":\"2024-12-06T16:45:41+00:00\",\"description\":\"\u00c1raj\u00e1nlat \u00e9s k\u00e9rd\u00e9sek - A k\u00f6vetkez\u0151 email c\u00edmen v\u00e1rom az \u00e9rdekl\u0151d\u00e9seket:\",\"breadcrumb\":{\"@id\":\"https:\\\/\\\/medtextsolutions.com\\\/kapcsolat\\\/#breadcrumb\"},\"inLanguage\":\"en-GB\",\"potentialAction\":[{\"@type\":\"ReadAction\",\"target\":[\"https:\\\/\\\/medtextsolutions.com\\\/kapcsolat\\\/\"]}]},{\"@type\":\"BreadcrumbList\",\"@id\":\"https:\\\/\\\/medtextsolutions.com\\\/kapcsolat\\\/#breadcrumb\",\"itemListElement\":[{\"@type\":\"ListItem\",\"position\":1,\"name\":\"Home\",\"item\":\"https:\\\/\\\/medtextsolutions.com\\\/\"},{\"@type\":\"ListItem\",\"position\":2,\"name\":\"Kapcsolat\"}]},{\"@type\":\"WebSite\",\"@id\":\"https:\\\/\\\/medtextsolutions.com\\\/#website\",\"url\":\"https:\\\/\\\/medtextsolutions.com\\\/\",\"name\":\"MedTextSolutions\",\"description\":\"Solutions for Medical Texts\",\"publisher\":{\"@id\":\"https:\\\/\\\/medtextsolutions.com\\\/#\\\/schema\\\/person\\\/ae65ea2ef72fbac0f2da6dfcad788e1f\"},\"potentialAction\":[{\"@type\":\"SearchAction\",\"target\":{\"@type\":\"EntryPoint\",\"urlTemplate\":\"https:\\\/\\\/medtextsolutions.com\\\/?s={search_term_string}\"},\"query-input\":{\"@type\":\"PropertyValueSpecification\",\"valueRequired\":true,\"valueName\":\"search_term_string\"}}],\"inLanguage\":\"en-GB\"},{\"@type\":[\"Person\",\"Organization\"],\"@id\":\"https:\\\/\\\/medtextsolutions.com\\\/#\\\/schema\\\/person\\\/ae65ea2ef72fbac0f2da6dfcad788e1f\",\"name\":\"admin\",\"image\":{\"@type\":\"ImageObject\",\"inLanguage\":\"en-GB\",\"@id\":\"https:\\\/\\\/medtextsolutions.com\\\/wp-content\\\/uploads\\\/2023\\\/11\\\/cropped-parchment_4067713.png\",\"url\":\"https:\\\/\\\/medtextsolutions.com\\\/wp-content\\\/uploads\\\/2023\\\/11\\\/cropped-parchment_4067713.png\",\"contentUrl\":\"https:\\\/\\\/medtextsolutions.com\\\/wp-content\\\/uploads\\\/2023\\\/11\\\/cropped-parchment_4067713.png\",\"width\":512,\"height\":512,\"caption\":\"admin\"},\"logo\":{\"@id\":\"https:\\\/\\\/medtextsolutions.com\\\/wp-content\\\/uploads\\\/2023\\\/11\\\/cropped-parchment_4067713.png\"},\"sameAs\":[\"https:\\\/\\\/medtextsolutions.com\"]}]}<\/script>\n<!-- \/ Yoast SEO plugin. -->","yoast_head_json":{"title":"Kapcsolat - MedTextSolutions","description":"\u00c1raj\u00e1nlat \u00e9s k\u00e9rd\u00e9sek - A k\u00f6vetkez\u0151 email c\u00edmen v\u00e1rom az \u00e9rdekl\u0151d\u00e9seket:","robots":{"index":"index","follow":"follow","max-snippet":"max-snippet:-1","max-image-preview":"max-image-preview:large","max-video-preview":"max-video-preview:-1"},"canonical":"https:\/\/medtextsolutions.com\/en\/kapcsolat\/","og_locale":"en_GB","og_type":"article","og_title":"Kapcsolat - MedTextSolutions","og_description":"\u00c1raj\u00e1nlat \u00e9s k\u00e9rd\u00e9sek - A k\u00f6vetkez\u0151 email c\u00edmen v\u00e1rom az \u00e9rdekl\u0151d\u00e9seket:","og_url":"https:\/\/medtextsolutions.com\/en\/kapcsolat\/","og_site_name":"MedTextSolutions","article_modified_time":"2024-12-06T16:45:41+00:00","twitter_card":"summary_large_image","twitter_misc":{"Estimated reading time":"1 minute"},"schema":{"@context":"https:\/\/schema.org","@graph":[{"@type":"WebPage","@id":"https:\/\/medtextsolutions.com\/kapcsolat\/","url":"https:\/\/medtextsolutions.com\/kapcsolat\/","name":"Kapcsolat - MedTextSolutions","isPartOf":{"@id":"https:\/\/medtextsolutions.com\/#website"},"datePublished":"2023-04-07T07:47:30+00:00","dateModified":"2024-12-06T16:45:41+00:00","description":"\u00c1raj\u00e1nlat \u00e9s k\u00e9rd\u00e9sek - A k\u00f6vetkez\u0151 email c\u00edmen v\u00e1rom az \u00e9rdekl\u0151d\u00e9seket:","breadcrumb":{"@id":"https:\/\/medtextsolutions.com\/kapcsolat\/#breadcrumb"},"inLanguage":"en-GB","potentialAction":[{"@type":"ReadAction","target":["https:\/\/medtextsolutions.com\/kapcsolat\/"]}]},{"@type":"BreadcrumbList","@id":"https:\/\/medtextsolutions.com\/kapcsolat\/#breadcrumb","itemListElement":[{"@type":"ListItem","position":1,"name":"Home","item":"https:\/\/medtextsolutions.com\/"},{"@type":"ListItem","position":2,"name":"Kapcsolat"}]},{"@type":"WebSite","@id":"https:\/\/medtextsolutions.com\/#website","url":"https:\/\/medtextsolutions.com\/","name":"MedTextSolutions","description":"Solutions for Medical Texts","publisher":{"@id":"https:\/\/medtextsolutions.com\/#\/schema\/person\/ae65ea2ef72fbac0f2da6dfcad788e1f"},"potentialAction":[{"@type":"SearchAction","target":{"@type":"EntryPoint","urlTemplate":"https:\/\/medtextsolutions.com\/?s={search_term_string}"},"query-input":{"@type":"PropertyValueSpecification","valueRequired":true,"valueName":"search_term_string"}}],"inLanguage":"en-GB"},{"@type":["Person","Organization"],"@id":"https:\/\/medtextsolutions.com\/#\/schema\/person\/ae65ea2ef72fbac0f2da6dfcad788e1f","name":"admin","image":{"@type":"ImageObject","inLanguage":"en-GB","@id":"https:\/\/medtextsolutions.com\/wp-content\/uploads\/2023\/11\/cropped-parchment_4067713.png","url":"https:\/\/medtextsolutions.com\/wp-content\/uploads\/2023\/11\/cropped-parchment_4067713.png","contentUrl":"https:\/\/medtextsolutions.com\/wp-content\/uploads\/2023\/11\/cropped-parchment_4067713.png","width":512,"height":512,"caption":"admin"},"logo":{"@id":"https:\/\/medtextsolutions.com\/wp-content\/uploads\/2023\/11\/cropped-parchment_4067713.png"},"sameAs":["https:\/\/medtextsolutions.com"]}]}},"_links":{"self":[{"href":"https:\/\/medtextsolutions.com\/en\/wp-json\/wp\/v2\/pages\/10","targetHints":{"allow":["GET"]}}],"collection":[{"href":"https:\/\/medtextsolutions.com\/en\/wp-json\/wp\/v2\/pages"}],"about":[{"href":"https:\/\/medtextsolutions.com\/en\/wp-json\/wp\/v2\/types\/page"}],"author":[{"embeddable":true,"href":"https:\/\/medtextsolutions.com\/en\/wp-json\/wp\/v2\/users\/1"}],"replies":[{"embeddable":true,"href":"https:\/\/medtextsolutions.com\/en\/wp-json\/wp\/v2\/comments?post=10"}],"version-history":[{"count":49,"href":"https:\/\/medtextsolutions.com\/en\/wp-json\/wp\/v2\/pages\/10\/revisions"}],"predecessor-version":[{"id":2374,"href":"https:\/\/medtextsolutions.com\/en\/wp-json\/wp\/v2\/pages\/10\/revisions\/2374"}],"wp:attachment":[{"href":"https:\/\/medtextsolutions.com\/en\/wp-json\/wp\/v2\/media?parent=10"}],"curies":[{"name":"wp","href":"https:\/\/api.w.org\/{rel}","templated":true}]}}